{"id":8795,"date":"2019-06-10T12:14:54","date_gmt":"2019-06-10T15:14:54","guid":{"rendered":"http:\/\/uab.ufsc.br\/?page_id=8795"},"modified":"2019-06-10T12:14:54","modified_gmt":"2019-06-10T15:14:54","slug":"localizacao","status":"publish","type":"page","link":"https:\/\/nute.ufsc.br\/uab\/localizacao\/","title":{"rendered":"Localiza\u00e7\u00e3o e contato"},"content":{"rendered":"<p><a rel=\"attachment wp-att-9173\" href=\"http:\/\/uab.ufsc.br\/localizacao\/img_0649\/\"><\/a><a href=\"http:\/\/nute.ufsc.br\/uab\/wp-content\/uploads\/2019\/06\/sead.jpg\"><img loading=\"lazy\" decoding=\"async\" class=\"aligncenter size-full wp-image-12420\" src=\"http:\/\/nute.ufsc.br\/uab\/wp-content\/uploads\/2019\/06\/sead.jpg\" alt=\"\" width=\"298\" height=\"193\" \/><\/a><\/p>\n<p style=\"text-align: center\"><span style=\"color: #f3270b\"><strong>Para contato, utilize preferencialmente nossos canais digitais.<\/strong><\/span><\/p>\n<p style=\"text-align: center\"><strong>Endere\u00e7o:<br \/>\n<\/strong>N\u00facleo UAB\/UFSC<br \/>\nSecretaria de Educa\u00e7\u00e3o a Dist\u00e2ncia \u2013 SEaD<br \/>\nR. Dom Joaquim, 757 &#8211; Centro, Florian\u00f3polis &#8211; SC, 88015-310<br \/>\n<a href=\"https:\/\/goo.gl\/maps\/4iKYw4FK9LPuLhz56\" target=\"_blank\" rel=\"noopener\">Link para o Google Maps<\/a><\/p>\n<p style=\"text-align: center\"><strong>Contato para usu\u00e1rios autenticados no IdUFSC:\u00a0<a href=\"https:\/\/atendimento.ufsc.br\/otrs\/customer.pl?Action=NewTicketWizard;QueueID=176\">https:\/\/atendimento.ufsc.br\/uab<\/a><\/strong><\/p>\n<p style=\"text-align: center\"><strong>Contato para usu\u00e1rios externos:\u00a0<a href=\"http:\/\/atendimento.ufsc.br\/uab.externos\" target=\"_blank\" rel=\"noopener\">atendimento.ufsc.br\/uab.externos<\/a><\/strong><\/p>\n<p style=\"text-align: center\"><strong>FAQ &#8211; Para visualizar nossas resposta \u00e0s perguntas frequentes, acesse: <\/strong><strong><a href=\"https:\/\/atendimento.ufsc.br\/otrs\/public.pl?Action=PublicFAQExplorer&amp;CategoryID=122\">https:\/\/atendimento.ufsc.br\/duvidas-uab<\/a><\/strong><\/p>\n<p style=\"text-align: center\"><strong>Saiba como funciona o Portal de Atendimento da UAB: <a href=\"https:\/\/youtu.be\/AIqNCZZLLVw\">v\u00eddeo explicativo<\/a>.<\/strong><\/p>\n<p style=\"text-align: center\"><strong><br \/>\n<\/strong><\/p>\n","protected":false},"excerpt":{"rendered":"<p>Para contato, utilize preferencialmente nossos canais digitais. Endere\u00e7o: N\u00facleo UAB\/UFSC Secretaria de Educa\u00e7\u00e3o a Dist\u00e2ncia \u2013 SEaD R. Dom Joaquim, 757 &#8211; Centro, Florian\u00f3polis &#8211; SC, 88015-310 Link para o Google Maps Contato para usu\u00e1rios autenticados no IdUFSC:\u00a0https:\/\/atendimento.ufsc.br\/uab Contato para usu\u00e1rios externos:\u00a0atendimento.ufsc.br\/uab.externos FAQ &#8211; Para visualizar nossas resposta \u00e0s perguntas frequentes, acesse: https:\/\/atendimento.ufsc.br\/duvidas-uab Saiba como [&hellip;]<\/p>\n","protected":false},"author":1,"featured_media":0,"parent":0,"menu_order":0,"comment_status":"closed","ping_status":"open","template":"","meta":{"_et_pb_use_builder":"","_et_pb_old_content":"","_et_gb_content_width":"","inline_featured_image":false,"footnotes":""},"class_list":["post-8795","page","type-page","status-publish","hentry"],"_links":{"self":[{"href":"https:\/\/nute.ufsc.br\/uab\/wp-json\/wp\/v2\/pages\/8795","targetHints":{"allow":["GET"]}}],"collection":[{"href":"https:\/\/nute.ufsc.br\/uab\/wp-json\/wp\/v2\/pages"}],"about":[{"href":"https:\/\/nute.ufsc.br\/uab\/wp-json\/wp\/v2\/types\/page"}],"author":[{"embeddable":true,"href":"https:\/\/nute.ufsc.br\/uab\/wp-json\/wp\/v2\/users\/1"}],"replies":[{"embeddable":true,"href":"https:\/\/nute.ufsc.br\/uab\/wp-json\/wp\/v2\/comments?post=8795"}],"version-history":[{"count":0,"href":"https:\/\/nute.ufsc.br\/uab\/wp-json\/wp\/v2\/pages\/8795\/revisions"}],"wp:attachment":[{"href":"https:\/\/nute.ufsc.br\/uab\/wp-json\/wp\/v2\/media?parent=8795"}],"curies":[{"name":"wp","href":"https:\/\/api.w.org\/{rel}","templated":true}]}}