{"id":8779,"date":"2019-06-10T12:01:16","date_gmt":"2019-06-10T15:01:16","guid":{"rendered":"http:\/\/uab.ufsc.br\/?page_id=8779"},"modified":"2019-06-10T12:01:16","modified_gmt":"2019-06-10T15:01:16","slug":"descricao-dos-bosistas","status":"publish","type":"page","link":"https:\/\/nute.ufsc.br\/uab\/descricao-dos-bosistas\/","title":{"rendered":"Descri\u00e7\u00e3o das Modalidades de Bolsas"},"content":{"rendered":"<p>A Coordena\u00e7\u00e3o do N\u00facleo UAB\/UFSC segue os termos definidos pela\u00a0<a href=\"http:\/\/nute.ufsc.br\/uab\/wp-content\/uploads\/2019\/05\/Portaria-CAPES-102-de-10-05-19.pdf\">Portaria CAPES n\u00ba 102, de 10 de maio de 2019<\/a>, para todas contrata\u00e7\u00f5es que envolvam pagamento de bolsa.<\/p>\n<p><strong>Professor Formador I:<\/strong> valor de R$ 1.300,00 (mil e trezentos reais) concedido para atua\u00e7\u00e3o em atividades t\u00edpicas de ensino, participantes de projetos de pesquisa e de desenvolvimento de metodologias de ensino na \u00e1rea de forma\u00e7\u00e3o inicial e continuada de professores de educa\u00e7\u00e3o b\u00e1sica no \u00e2mbito do Sistema UAB, sendo exigida experi\u00eancia de 03 (tr\u00eas) anos no magist\u00e9rio superior;<\/p>\n<p><strong>Professor Formador II:<\/strong> valor de R$ 1.100,00 (mil e trezentos reais) concedido para atua\u00e7\u00e3o em atividades t\u00edpicas de ensino, de desenvolvimento de projetos e de pesquisa, relacionadas aos cursos e programas implantados no \u00e2mbito do Sistema UAB, exigida forma\u00e7\u00e3o m\u00ednima em n\u00edvel superior e experi\u00eancia de 1 (um) ano no magist\u00e9rio superior;<\/p>\n<p><strong>Tutor:<\/strong> valor de R$ 765,00 (setecentos e sessenta e cinco reais) concedido para atua\u00e7\u00e3o em atividades t\u00edpicas de tutoria desenvolvidas no \u00e2mbito do Sistema UAB, sendo exigida forma\u00e7\u00e3o de n\u00edvel superior e experi\u00eancia m\u00ednima de 1 (um) ano no magist\u00e9rio do ensino b\u00e1sico ou superior;<\/p>\n<p><strong>Professor Conteudista I:<\/strong> valor de R$ 1.300,00 (mil e trezentos reais) concedido para atua\u00e7\u00e3o em atividades de elabora\u00e7\u00e3o de material did\u00e1tico, de desenvolvimento de projetos e de pesquisa, relacionadas aos cursos e programas implantados no \u00e2mbito do Sistema UAB, sendo exigida experi\u00eancia de 3 (tr\u00eas) anos no magist\u00e9rio superior;<\/p>\n<p><strong>Professor Conteudista II:<\/strong> valor de R$ 1.100,00 (mil e cem reais) concedido para atua\u00e7\u00e3o em atividades de elabora\u00e7\u00e3o de material did\u00e1tico, de desenvolvimento de projetos e de pesquisa, relacionadas aos cursos e programas implantados no \u00e2mbito do Sistema UAB, exigida forma\u00e7\u00e3o m\u00ednima em n\u00edvel superior e experi\u00eancia de 1 (um) ano no magist\u00e9rio;<\/p>\n<p><strong>Coordenadoria de Polo:<\/strong> valor de R$ 1.100,00 (mil e cem reais) concedido para atua\u00e7\u00e3o em atividades de coordena\u00e7\u00e3o e supervis\u00e3o de infraestrutura a ser disponibilizada em perfeitas condi\u00e7\u00f5es de uso para viabilizar atividades realizadas no \u00e2mbito do polo, sendo exigida a condi\u00e7\u00e3o de discente da Educa\u00e7\u00e3o B\u00e1sica com, no m\u00ednimo, 1 (um) ano de experi\u00eancia no magist\u00e9rio e forma\u00e7\u00e3o de n\u00edvel superior.<\/p>\n<p><strong>Coordenadoria de Tutoria I:<\/strong> valor de R$ 1.300,00 (mil e trezentos reais) concedido para atua\u00e7\u00e3o em atividades de coordena\u00e7\u00e3o de tutores dos cursos implantados no \u00e2mbito do Sistema UAB e no desenvolvimento de projetos de pesquisa relacionados aos cursos, sendo exigida experi\u00eancia de 3 (tr\u00eas) anos no magist\u00e9rio superior.<\/p>\n<p><strong>Coordenadoria de Tutoria II:<\/strong> valor de R$ 1.100,00 (mil e cem reais) concedido para atua\u00e7\u00e3o em atividades de coordena\u00e7\u00e3o de tutores dos cursos implantados no \u00e2mbito do Sistema UAB e no desenvolvimento de projetos de pesquisa relacionados aos cursos, sendo exigida forma\u00e7\u00e3o m\u00ednima em n\u00edvel superior e experi\u00eancia de 1 (um) ano no magist\u00e9rio.<\/p>\n<p><strong>Coordenadoria de Curso I:<\/strong> valor de R$ 1.400,00 (mil e quatrocentos reais) concedido para atua\u00e7\u00e3o em atividades de coordena\u00e7\u00e3o dos cursos implantados no \u00e2mbito do Sistema UAB e no desenvolvimento de projetos de pesquisa relacionados aos cursos, sendo exigida experi\u00eancia de 3 (tr\u00eas) anos no magist\u00e9rio superior.<\/p>\n<p><strong> <\/strong><\/p>\n<p><strong>Coordenadoria de Curso II:<\/strong> valor de R$ 1.100,00 (mil e quatrocentos reais) concedido para atua\u00e7\u00e3o em atividades de coordena\u00e7\u00e3o dos cursos implantados no \u00e2mbito do Sistema UAB e no desenvolvimento de projetos de pesquisa relacionados aos cursos, sendo exigida forma\u00e7\u00e3o m\u00ednima em n\u00edvel superior e experi\u00eancia de 1 (um) ano no magist\u00e9rio.<\/p>\n<p><strong>Coordenadoria de Geral:<\/strong> valor de R$ 1.500,00 (mil e quinhentos reais) concedido para o(a) bolsista respons\u00e1vel institucional pelos aspectos administrativos, financeiros e pedag\u00f3gicos de todas as a\u00e7\u00f5es no \u00e2mbito do Sistema UAB, assim como desenvolvimento de projetos de pesquisa relacionados aos cursos, sendo exigida experi\u00eancia de 3 (tr\u00eas) anos no magist\u00e9rio superior.<\/p>\n<p><strong>Coordenadoria Adjunta:<\/strong> valor de R$ 1.500,00 (mil e quinhentos reais) concedido para o(a)bolsista que auxiliar\u00e1 a coordenadoria geral nas suas atividades atinentes, assim como desenvolvimento de projetos de pesquisa relacionados aos cursos, sendo exigida experi\u00eancia de 3 (tr\u00eas) anos no magist\u00e9rio superior.<\/p>\n<p><strong>Assistente \u00e0 Doc\u00eancia:<\/strong> valor de R$ 800,00 (oitocentos reais) concedido para atua\u00e7\u00e3o em atividades t\u00edpicas de ensino, de desenvolvimento de projetos e de pesquisa, relacionadas aos cursos e programas implantados no \u00e2mbito do Sistema UAB, sendo exigida forma\u00e7\u00e3o m\u00ednima em n\u00edvel superior e experi\u00eancia de 1 (um) ano no magist\u00e9rio.<\/p>\n","protected":false},"excerpt":{"rendered":"<p>A Coordena\u00e7\u00e3o do N\u00facleo UAB\/UFSC segue os termos definidos pela\u00a0Portaria CAPES n\u00ba 102, de 10 de maio de 2019, para todas contrata\u00e7\u00f5es que envolvam pagamento de bolsa. Professor Formador I: valor de R$ 1.300,00 (mil e trezentos reais) concedido para atua\u00e7\u00e3o em atividades t\u00edpicas de ensino, participantes de projetos de pesquisa e de desenvolvimento de [&hellip;]<\/p>\n","protected":false},"author":1,"featured_media":0,"parent":0,"menu_order":0,"comment_status":"closed","ping_status":"open","template":"","meta":{"_et_pb_use_builder":"","_et_pb_old_content":"","_et_gb_content_width":"","inline_featured_image":false,"footnotes":""},"class_list":["post-8779","page","type-page","status-publish","hentry"],"_links":{"self":[{"href":"https:\/\/nute.ufsc.br\/uab\/wp-json\/wp\/v2\/pages\/8779","targetHints":{"allow":["GET"]}}],"collection":[{"href":"https:\/\/nute.ufsc.br\/uab\/wp-json\/wp\/v2\/pages"}],"about":[{"href":"https:\/\/nute.ufsc.br\/uab\/wp-json\/wp\/v2\/types\/page"}],"author":[{"embeddable":true,"href":"https:\/\/nute.ufsc.br\/uab\/wp-json\/wp\/v2\/users\/1"}],"replies":[{"embeddable":true,"href":"https:\/\/nute.ufsc.br\/uab\/wp-json\/wp\/v2\/comments?post=8779"}],"version-history":[{"count":0,"href":"https:\/\/nute.ufsc.br\/uab\/wp-json\/wp\/v2\/pages\/8779\/revisions"}],"wp:attachment":[{"href":"https:\/\/nute.ufsc.br\/uab\/wp-json\/wp\/v2\/media?parent=8779"}],"curies":[{"name":"wp","href":"https:\/\/api.w.org\/{rel}","templated":true}]}}