{"id":8773,"date":"2019-06-10T12:00:40","date_gmt":"2019-06-10T15:00:40","guid":{"rendered":"http:\/\/uab.ufsc.br\/?page_id=8773"},"modified":"2019-06-10T12:00:40","modified_gmt":"2019-06-10T15:00:40","slug":"pagamento-de-bolsas","status":"publish","type":"page","link":"https:\/\/nute.ufsc.br\/uab\/pagamento-de-bolsas\/","title":{"rendered":"Pagamento de bolsas"},"content":{"rendered":"<p><span style=\"color: #ff0000\"><strong>AVISO!<\/strong><\/span> Caso o navegador n\u00e3o abra os\u00a0 links abaixo, clique com o bot\u00e3o direito do mouse em cima do link desejado e selecione: \u201cAbrir link em uma nova janela\u201d. Se mesmo assim o navegador n\u00e3o permitir o download, aperte a tecla \u201cF5\u2033 na janela que foi aberta.<\/p>\n<p style=\"text-align: center\">____________________________<\/p>\n<p>O processo de contrata\u00e7\u00e3o de um bolsista inclui dois subprocessos: sele\u00e7\u00e3o e cadastro.<\/p>\n<p>Conhe\u00e7a abaixo como ocorre o fluxo dessas atividades:<\/p>\n<ol>\n<li><a href=\"http:\/\/uab.ufsc.br\/files\/2020\/12\/Contrata%C3%A7%C3%A3o-de-tutor-e-professor.png\">Processo de contrata\u00e7\u00e3o e pagamento de bolsista<\/a>\n<ol>\n<li><a href=\"http:\/\/uab.ufsc.br\/files\/2020\/12\/Contrata%C3%A7%C3%A3o-de-tutor-e-professor-SUB1-selecionar-bolsista.png\">Subprocesso de sele\u00e7\u00e3o de bolsista<\/a><\/li>\n<li><a href=\"http:\/\/uab.ufsc.br\/files\/2020\/12\/Contrata%C3%A7%C3%A3o-de-tutor-e-professor-SUB2-cadastrar-bolsista.png\">Subprocesso de cadastro de bolsista<\/a><\/li>\n<\/ol>\n<\/li>\n<\/ol>\n<p>Nesta p\u00e1gina, voc\u00ea encontra os relat\u00f3rios de bolsistas UAB\/CAPES pagos mensalmente e os respectivos atos administrativos que formalizaram o v\u00ednculo desses colaboradores com a UAB.<\/p>\n<ul>\n<li><a href=\"http:\/\/nute.ufsc.br\/uab\/wp-content\/uploads\/2019\/06\/Pagamentos-Junho-SEM-CPF.xlsx\">Pagamentos UAB\/CAPES &#8211; Junho &#8211; 2019<\/a><\/li>\n<li><a href=\"http:\/\/nute.ufsc.br\/uab\/wp-content\/uploads\/2019\/06\/Pagamentos-Julho-SEM-CPF.xlsx\">Pagamentos UAB\/CAPES &#8211; Julho &#8211; 2019<\/a><\/li>\n<li><a href=\"http:\/\/nute.ufsc.br\/uab\/wp-content\/uploads\/2019\/06\/2019-08-SEM-CPF1.xlsx\">Pagamentos UAB\/CAPES &#8211; Agosto &#8211; 2019<\/a><\/li>\n<li><a href=\"http:\/\/nute.ufsc.br\/uab\/wp-content\/uploads\/2019\/06\/Pagamentos-autorizados-em-setembro-SEM-CPF2.xlsx\">Pagamentos UAB\/CAPES &#8211; Setembro &#8211; 2019<\/a><\/li>\n<li><a href=\"http:\/\/nute.ufsc.br\/uab\/wp-content\/uploads\/2019\/06\/Autorizados-Outubro2-Recuperado-sem-CPF1.xlsx\">Pagamentos UAB\/CAPES &#8211; Outubro &#8211; 2019<\/a><\/li>\n<li><a href=\"http:\/\/nute.ufsc.br\/uab\/wp-content\/uploads\/2019\/06\/Autorizados-em-novembro-sem-CPF1.xlsx\">Pagamentos UAB\/CAPES &#8211; Novembro &#8211; 2019<\/a><\/li>\n<li><a href=\"http:\/\/nute.ufsc.br\/uab\/wp-content\/uploads\/2019\/06\/Pagamentos-CAPES-Dezembro-20193.xlsx\">Pagamentos UAB\/CAPES &#8211; Dezembro &#8211; 2019<\/a><\/li>\n<li><a href=\"http:\/\/nute.ufsc.br\/uab\/wp-content\/uploads\/2019\/06\/Pagamentos-UABCAPES-\u2013-Janeiro-20201.xlsx\">Pagamentos UAB\/CAPES &#8211; Janeiro &#8211; 2020<\/a><\/li>\n<li><a href=\"http:\/\/nute.ufsc.br\/uab\/wp-content\/uploads\/2019\/06\/Pagamentos-Fevereiro-2020.xlsx\">Pagamentos UAB\/CAPES &#8211; Fevereiro &#8211; 2020<\/a><\/li>\n<li><a href=\"http:\/\/nute.ufsc.br\/uab\/wp-content\/uploads\/2019\/06\/Bolsas-pagas-em-marco-2020-SEM-CPF1.xlsx\">Pagamentos UAB\/CAPES &#8211; Mar\u00e7o &#8211; 2020<\/a><\/li>\n<li><a href=\"http:\/\/nute.ufsc.br\/uab\/wp-content\/uploads\/2019\/06\/Pagamentos-autorizados-em-abril-v1.0-1.xlsx\">Pagamentos UAB\/CAPES &#8211; Abril &#8211; 2020<\/a><\/li>\n<li><a href=\"http:\/\/nute.ufsc.br\/uab\/wp-content\/uploads\/2019\/06\/Transparencia-maio-2020-v1.0.xlsx\">Pagamentos UAB\/CAPES &#8211; Maio &#8211; 2020<\/a><\/li>\n<li><a href=\"http:\/\/nute.ufsc.br\/uab\/wp-content\/uploads\/2019\/06\/Transparencia-junho-v-1.01.xlsx\">Pagamentos UAB\/CAPES &#8211; Junho &#8211; 2020<\/a><\/li>\n<li><a href=\"http:\/\/nute.ufsc.br\/uab\/wp-content\/uploads\/2019\/06\/Autorizados-em-Julho-v1.0.xlsx\">Pagamentos UAB\/CAPES &#8211; Julho &#8211; 2020<\/a><\/li>\n<li><a href=\"http:\/\/nute.ufsc.br\/uab\/wp-content\/uploads\/2019\/06\/Bolsas-UAB-pagas-referente-a-Agosto-20202.xlsx\">Pagamentos UAB\/CAPES &#8211; Agosto &#8211; 2020<\/a><\/li>\n<li><a href=\"http:\/\/nute.ufsc.br\/uab\/wp-content\/uploads\/2019\/06\/Pagamentos-referentes-a-setembro2.xlsx\">Pagamentos UAB\/CAPES &#8211; Setembro &#8211; 2020<\/a><\/li>\n<li><a href=\"http:\/\/nute.ufsc.br\/uab\/wp-content\/uploads\/2019\/06\/Bolsas-referentes-a-Outubro-v-1.01.xlsx\">Pagamentos UAB\/CAPES &#8211; Outubro &#8211; 2020<\/a><\/li>\n<li><a href=\"http:\/\/nute.ufsc.br\/uab\/wp-content\/uploads\/2019\/06\/Pagtos-Novembro-2.xlsx\">Pagamentos UAB\/CAPES &#8211; Novembro &#8211; 2020<\/a><\/li>\n<li><a href=\"http:\/\/nute.ufsc.br\/uab\/wp-content\/uploads\/2019\/06\/Pagamentos-dezembro-20201.xlsx\">Pagamentos UAB\/CAPES &#8211; Dezembro &#8211; 2020<\/a><\/li>\n<li><a href=\"http:\/\/nute.ufsc.br\/uab\/wp-content\/uploads\/2019\/06\/Pagamentos-Janeiro-20212.xlsx\">Pagamentos UAB\/CAPES &#8211; Janeiro &#8211; 2021<\/a><\/li>\n<li><a href=\"http:\/\/nute.ufsc.br\/uab\/wp-content\/uploads\/2019\/06\/Fevereiro-2021-Transparencia2.xlsx\">Pagamentos UAB\/CAPES &#8211; Fevereiro &#8211; 2021<\/a><\/li>\n<li><a href=\"http:\/\/nute.ufsc.br\/uab\/wp-content\/uploads\/2019\/06\/Pagamentos-Marco-20212.xlsx\">Pagamentos UAB\/CAPES &#8211; Mar\u00e7o &#8211; 2021<\/a><\/li>\n<li><a href=\"http:\/\/nute.ufsc.br\/uab\/wp-content\/uploads\/2019\/06\/Transparencia-Abril-20213.xlsx\">Pagamentos UAB\/CAPES &#8211; Abril &#8211; 2021<\/a><\/li>\n<li><a href=\"http:\/\/nute.ufsc.br\/uab\/wp-content\/uploads\/2019\/06\/Pagamentos-maio2.xlsx\">Pagamentos UAB\/CAPES &#8211; Maio &#8211; 2021<\/a><\/li>\n<li><a href=\"http:\/\/nute.ufsc.br\/uab\/wp-content\/uploads\/2019\/06\/Pagamentos-do-mes-de-junho2.xlsx\">Pagamentos UAB\/CAPES &#8211; Junho &#8211; 2021<\/a><\/li>\n<li><a href=\"http:\/\/nute.ufsc.br\/uab\/wp-content\/uploads\/2019\/06\/Transparencia-Julho-2021.xlsx\">Pagamentos UAB\/CAPES &#8211; Julho &#8211; 2021<\/a><\/li>\n<li><a href=\"http:\/\/nute.ufsc.br\/uab\/wp-content\/uploads\/2019\/06\/Transparencia-Agosto-20211.xlsx\">Pagamentos UAB\/CAPES &#8211; Agosto &#8211; 2021<\/a><\/li>\n<li><a href=\"http:\/\/nute.ufsc.br\/uab\/wp-content\/uploads\/2019\/06\/Transparencia-Setembro-11.xlsx\">Pagamentos UAB\/CAPES &#8211; Setembro &#8211; 2021<\/a><\/li>\n<li><a href=\"http:\/\/nute.ufsc.br\/uab\/wp-content\/uploads\/2019\/06\/Pagtos-outubro-2021-11.xlsx\">Pagamentos UAB\/CAPES &#8211; Outubro &#8211; 2021<\/a><\/li>\n<li><a href=\"http:\/\/nute.ufsc.br\/uab\/wp-content\/uploads\/2019\/06\/Transparencia-novembro-20211.xlsx\">Pagamentos UAB\/CAPES &#8211; Novembro &#8211; 2021<\/a><\/li>\n<li><a href=\"http:\/\/nute.ufsc.br\/uab\/wp-content\/uploads\/2019\/06\/Bolsas-dezembro-20213.xlsx\">Pagamentos UAB\/CAPES &#8211; Dezembro &#8211; 2021<\/a><\/li>\n<li><a href=\"http:\/\/nute.ufsc.br\/uab\/wp-content\/uploads\/2019\/06\/Transparencia-01-20222.xlsx\">Pagamentos UAB\/CAPES &#8211; Janeiro &#8211; 2022<\/a><\/li>\n<li><a href=\"http:\/\/nute.ufsc.br\/uab\/wp-content\/uploads\/2019\/06\/Pagamentos-Fevereiro-20223.xlsx\">Pagamentos UAB\/CAPES &#8211; Fevereiro &#8211; 2022<\/a><\/li>\n<li><a href=\"http:\/\/nute.ufsc.br\/uab\/wp-content\/uploads\/2019\/06\/Pagamentos-Marco-20222.xlsx\">Pagamentos UAB\/CAPES &#8211; Mar\u00e7o &#8211; 2022<\/a><\/li>\n<li><a href=\"http:\/\/nute.ufsc.br\/uab\/wp-content\/uploads\/2019\/06\/Pagamentos-Abril-2022-Capes3.xlsx\">Pagamentos UAB\/CAPES &#8211; Abril &#8211; 2022<\/a><\/li>\n<li><a href=\"http:\/\/nute.ufsc.br\/uab\/wp-content\/uploads\/2019\/06\/Pagamentos-maio4.xlsx\">Pagamentos UAB\/CAPES &#8211; Maio &#8211; 2022<\/a><\/li>\n<li><a href=\"http:\/\/nute.ufsc.br\/uab\/wp-content\/uploads\/2019\/06\/Pagamentos-06-2022-sem-cpf3.xlsx\">Pagamentos UAB\/CAPES &#8211; Junho &#8211; 2022<\/a><\/li>\n<li><a href=\"http:\/\/nute.ufsc.br\/uab\/wp-content\/uploads\/2019\/06\/Pagamentos-Julho-20222.xlsx\">Pagamentos UAB\/CAPES &#8211; Julho &#8211; 2022<\/a><\/li>\n<li><a href=\"http:\/\/nute.ufsc.br\/uab\/wp-content\/uploads\/2019\/06\/Pagamentos-Agosto-2022-1.xlsx\">Pagamentos UAB\/CAPES &#8211; Agosto &#8211; 2022<\/a><\/li>\n<li><a href=\"http:\/\/nute.ufsc.br\/uab\/wp-content\/uploads\/2019\/06\/Pagamentos-setembro-2022-12.xlsx\">Pagamentos UAB\/CAPES &#8211; Setembro &#8211; 2022<\/a><\/li>\n<li><a href=\"http:\/\/nute.ufsc.br\/uab\/wp-content\/uploads\/2019\/06\/Pagamentos-outubro-A.xlsx\">Pagamentos UAB\/CAPES &#8211; Outubro &#8211; 2022<\/a><\/li>\n<li><a rel=\"attachment wp-att-12561\" href=\"http:\/\/uab.ufsc.br\/pagamento-de-bolsas\/pagamentos-novembro-_2022-2\/\">Pagamentos UAB\/CAPES &#8211; Novembro &#8211; 2022<\/a><\/li>\n<li><a rel=\"attachment wp-att-12562\" href=\"http:\/\/uab.ufsc.br\/pagamento-de-bolsas\/pagamentos-dezembro-_2022-2\/\">Pagamentos UAB\/CAPES &#8211; Dezembro &#8211; 2022<\/a><\/li>\n<li><a title=\"Pagamentos UAB\/CAPES - Janeiro - 2023\" rel=\"attachment wp-att-12560\" href=\"http:\/\/uab.ufsc.br\/pagamento-de-bolsas\/pagamentos-janeiro-2023-2\/\">Pagamentos UAB\/CAPES &#8211; Janeiro &#8211; 2023<\/a><\/li>\n<li><a rel=\"attachment wp-att-12605\" href=\"http:\/\/uab.ufsc.br\/pagamento-de-bolsas\/pagamento-fevereiro-2023-2\/\">Pagamentos UAB\/CAPES &#8211; Fevereiro- 2023<\/a><\/li>\n<li><a rel=\"attachment wp-att-12608\" href=\"http:\/\/uab.ufsc.br\/pagamento-de-bolsas\/pagamento-marco-2023\/\">Pagamentos UAB\/CAPES &#8211; Mar\u00e7o- 2023<\/a><\/li>\n<\/ul>\n","protected":false},"excerpt":{"rendered":"<p>AVISO! Caso o navegador n\u00e3o abra os\u00a0 links abaixo, clique com o bot\u00e3o direito do mouse em cima do link desejado e selecione: \u201cAbrir link em uma nova janela\u201d. Se mesmo assim o navegador n\u00e3o permitir o download, aperte a tecla \u201cF5\u2033 na janela que foi aberta. ____________________________ O processo de contrata\u00e7\u00e3o de um bolsista [&hellip;]<\/p>\n","protected":false},"author":1,"featured_media":0,"parent":0,"menu_order":0,"comment_status":"closed","ping_status":"open","template":"","meta":{"_et_pb_use_builder":"","_et_pb_old_content":"","_et_gb_content_width":"","inline_featured_image":false,"footnotes":""},"class_list":["post-8773","page","type-page","status-publish","hentry"],"_links":{"self":[{"href":"https:\/\/nute.ufsc.br\/uab\/wp-json\/wp\/v2\/pages\/8773","targetHints":{"allow":["GET"]}}],"collection":[{"href":"https:\/\/nute.ufsc.br\/uab\/wp-json\/wp\/v2\/pages"}],"about":[{"href":"https:\/\/nute.ufsc.br\/uab\/wp-json\/wp\/v2\/types\/page"}],"author":[{"embeddable":true,"href":"https:\/\/nute.ufsc.br\/uab\/wp-json\/wp\/v2\/users\/1"}],"replies":[{"embeddable":true,"href":"https:\/\/nute.ufsc.br\/uab\/wp-json\/wp\/v2\/comments?post=8773"}],"version-history":[{"count":0,"href":"https:\/\/nute.ufsc.br\/uab\/wp-json\/wp\/v2\/pages\/8773\/revisions"}],"wp:attachment":[{"href":"https:\/\/nute.ufsc.br\/uab\/wp-json\/wp\/v2\/media?parent=8773"}],"curies":[{"name":"wp","href":"https:\/\/api.w.org\/{rel}","templated":true}]}}